{"id":1866,"date":"2019-10-24T22:57:55","date_gmt":"2019-10-24T20:57:55","guid":{"rendered":"http:\/\/new.alfarsl.es\/product-connector\/"},"modified":"2021-09-13T20:59:11","modified_gmt":"2021-09-13T18:59:11","slug":"product-connector","status":"publish","type":"page","link":"https:\/\/alfarsl.es\/en\/product-connector\/","title":{"rendered":"PRODUCT-CONNECTOR"},"content":{"rendered":"\n\n[et_pb_section fb_built=&#8221;1&#8243; fullwidth=&#8221;on&#8221; _builder_version=&#8221;3.29.3&#8243; fb_built=&#8221;1&#8243; _i=&#8221;0&#8243; _address=&#8221;0&#8243;][et_pb_fullwidth_slider use_text_overlay=&#8221;off&#8221; _builder_version=&#8221;3.29.3&#8243; background_image=&#8221;https:\/\/alfarsl.es\/wp-content\/uploads\/2019\/10\/Producto-slider-3.jpg&#8221; background_position=&#8221;top_center&#8221; min_height=&#8221;102px&#8221; height=&#8221;431px&#8221; custom_margin=&#8221;||||false|false&#8221; custom_margin_last_edited=&#8221;on|desktop&#8221; custom_padding=&#8221;193px||||false|false&#8221; custom_padding_last_edited=&#8221;on|desktop&#8221; _i=&#8221;0&#8243; _address=&#8221;0.0&#8243;][et_pb_slide use_text_overlay=&#8221;off&#8221; heading_last_edited=&#8221;on|desktop&#8221; content_tablet=&#8221;<p style=%22text-align: center;%22>CONECTOR MC<br \/> CARTER B-C<\/p>\n&#8221; content_last_edited=&#8221;on|tablet&#8221; _builder_version=&#8221;3.29.3&#8243; header_text_align=&#8221;left&#8221; header_font_size=&#8221;40px&#8221; body_font=&#8221;|600|||||||&#8221; body_font_size=&#8221;40px&#8221; text_orientation=&#8221;right&#8221; custom_padding=&#8221;10px||||false|false&#8221; custom_padding_last_edited=&#8221;on|tablet&#8221; header_text_align_tablet=&#8221;center&#8221; header_text_align_last_edited=&#8221;on|tablet&#8221; body_font_size_tablet=&#8221;30px&#8221; body_font_size_phone=&#8221;25px&#8221; body_font_size_last_edited=&#8221;on|phone&#8221; header_text_shadow_style=&#8221;preset1&#8243; body_text_shadow_style=&#8221;preset5&#8243; _i=&#8221;0&#8243; _address=&#8221;0.0.0&#8243;]<p style=\"text-align: left;\">CONNECTOR MC<br \/> CARTER B-C<\/p>[\/et_pb_slide][\/et_pb_fullwidth_slider][\/et_pb_section][et_pb_section fb_built=&#8221;1&#8243; _builder_version=&#8221;3.29.3&#8243; width=&#8221;100%&#8221; custom_padding=&#8221;||0px|||&#8221; fb_built=&#8221;1&#8243; _i=&#8221;1&#8243; _address=&#8221;1&#8243;][et_pb_row column_structure=&#8221;1_2,1_2&#8243; use_custom_gutter=&#8221;on&#8221; gutter_width=&#8221;4&#8243; _builder_version=&#8221;3.29.3&#8243; max_width=&#8221;100%&#8221; module_alignment=&#8221;center&#8221; custom_margin=&#8221;||||false|false&#8221; custom_padding=&#8221;||||false|false&#8221; _i=&#8221;0&#8243; _address=&#8221;1.0&#8243;][et_pb_column type=&#8221;1_2&#8243; _builder_version=&#8221;3.29.3&#8243; custom_padding=&#8221;||||false|false&#8221; _i=&#8221;0&#8243; _address=&#8221;1.0.0&#8243;][et_pb_slider _builder_version=&#8221;3.29.3&#8243; _i=&#8221;0&#8243; _address=&#8221;1.0.0.0&#8243;][et_pb_slide _builder_version=&#8221;3.29.3&#8243; background_enable_color=&#8221;off&#8221; background_image=&#8221;https:\/\/alfarsl.es\/wp-content\/uploads\/2019\/10\/B-C33BF25AC-0_2-min.jpg&#8221; background_enable_image=&#8221;on&#8221; custom_padding=&#8221;260px||||false|false&#8221; _i=&#8221;0&#8243; _address=&#8221;1.0.0.0.0&#8243;][\/et_pb_slide][et_pb_slide _builder_version=&#8221;3.29.3&#8243; background_enable_color=&#8221;off&#8221; background_image=&#8221;https:\/\/alfarsl.es\/wp-content\/uploads\/2019\/10\/B-C33BF25AC-0_2-min.jpg&#8221; background_enable_image=&#8221;on&#8221; custom_padding=&#8221;260px||||false|false&#8221; _i=&#8221;1&#8243; _address=&#8221;1.0.0.0.1&#8243;][\/et_pb_slide][et_pb_slide _builder_version=&#8221;3.29.3&#8243; background_enable_color=&#8221;off&#8221; background_image=&#8221;https:\/\/alfarsl.es\/wp-content\/uploads\/2019\/10\/B-C33BF25AC-0_2-min.jpg&#8221; background_enable_image=&#8221;on&#8221; custom_padding=&#8221;260px||||false|false&#8221; _i=&#8221;2&#8243; _address=&#8221;1.0.0.0.2&#8243;][\/et_pb_slide][\/et_pb_slider][et_pb_text content_tablet=&#8221;<p style=%22text-align: center;%22>Los <strong>conectores de la serie B-C son MutiContactos MC tipo CARTER<\/strong>, de fabricaci\u00f3n muy robusta y gran resistencia mec\u00e1nica. Estos <span style=%22color: #000000;%22><strong>conectores industriales<\/strong><\/span> son estancos con grado de proteci\u00f3n IP-68. Se fabrican en diversos tama\u00f1os desde aislante de 50mm hasta 300mm.<\/p>\n<p style=%22text-align: center;%22>Todos los tama\u00f1os son configurables en cuanto a la distribuci\u00f3n y tipo de contactos. Tambi\u00e9n existen dos tipos de cuerpos, referente al acoplamiento: mediante tornillo (tipo 01) o palanca (tipo 03).<\/p>\n<p style=%22text-align: center;%22>Disponen de tapa para proteger la cara de interconexi\u00f3n cuando los conectores no est\u00e1n conectados.<\/p>\n&#8221; content_last_edited=&#8221;on|tablet&#8221; _builder_version=&#8221;3.29.3&#8243; text_font_size=&#8221;15px&#8221; text_orientation_tablet=&#8221;center&#8221; text_orientation_last_edited=&#8221;on|tablet&#8221; _i=&#8221;1&#8243; _address=&#8221;1.0.0.1&#8243;]<p style=\"text-align: right; padding-left: 150px;\">The <strong>connectors of the B-C series are MutiContactos MC type CARTER<\/strong>, of very robust manufacture and great mechanical resistance. These <span style=\"color: #000000;\"><strong>industrial connectors<\/strong><\/span> are watertight with protection degree IP-68. They are manufactured in different sizes from 50mm to 300mm.<\/p>.\r\n<p style=\"text-align: right; padding-left: 150px;\">All sizes are configurable in terms of distribution and contact type. There are also two types of bodies, relating to the coupling: screw (type 01) or lever (type 03).<\/p>\r\n<p style=\"text-align: right; padding-left: 150px;\">They have a cover to protect the interconnection face when the connectors are not connected.<\/p>[\/et_pb_text][et_pb_divider color=&#8221;#000000&#8243; divider_weight=&#8221;1px&#8221; _builder_version=&#8221;3.29.3&#8243; width=&#8221;200px&#8221; height=&#8221;0px&#8221; custom_margin=&#8221;|||90px|false|false&#8221; custom_margin_tablet=&#8221;|||200px|false|false&#8221; custom_margin_last_edited=&#8221;on|tablet&#8221; module_alignment_phone=&#8221;center&#8221; module_alignment_last_edited=&#8221;on|phone&#8221; _i=&#8221;2&#8243; _address=&#8221;1.0.0.2&#8243;][\/et_pb_divider][\/et_pb_column][et_pb_column type=&#8221;1_2&#8243; _builder_version=&#8221;3.29.3&#8243; _i=&#8221;1&#8243; _address=&#8221;1.0.1&#8243;][et_pb_text _builder_version=&#8221;3.29.3&#8243; text_font=&#8221;|600|||||||&#8221; text_text_color=&#8221;#82888e&#8221; text_font_size=&#8221;20px&#8221; custom_margin=&#8221;|||16px||&#8221; text_orientation_tablet=&#8221;center&#8221; text_orientation_last_edited=&#8221;on|tablet&#8221; _i=&#8221;0&#8243; _address=&#8221;1.0.1.0&#8243;]<p>Multi-pole CARTER Connectors B-C Series <\/p>[\/et_pb_text][et_pb_text _builder_version=&#8221;3.29.3&#8243; text_font_size=&#8221;15px&#8221; custom_margin=&#8221;|||12px||&#8221; _i=&#8221;1&#8243; _address=&#8221;1.0.1.1&#8243;]<p>They are present in multiple applications, where a very safe and robust connection is required, the most common in the railway, naval, mining, chemical, cranes, heavy industry, etc.<\/p>\r\n<p>The aerial connectors have couplings for corrugated cable passers. They have the possibility of <strong>combining electrical contacts with coaxial contacts, optical fiber, air and fluids.<\/strong> In this way they integrate signals of different nature in the same connector.<\/p>\r\n<p>The <span style=\"color: #000000;\"><strong>electrical contacts<\/strong><\/span> can be from low intensity and high speed signal contacts, to high intensity (pins with cones) or high voltage.<\/p>.\r\n<p>They have a positioner for a perfect alignment of the pair of connectors and the insulators can have different turns established to avoid the connection error in a system with multiple connectors. <\/p>\r\n<p>In its design and due to the nature of the currents and voltages that its contacts may have, the safety of the operator in the handling of the connector and adjacent elements has been very much taken into account. According to IEC and UL standards for electrical safety.<\/p>[\/et_pb_text][et_pb_video src=&#8221;https:\/\/www.youtube.com\/watch?v=4yhlvzKrSlk&#8221; _builder_version=&#8221;3.29.3&#8243; width=&#8221;75%&#8221; custom_margin=&#8221;|||18px||&#8221; module_alignment_tablet=&#8221;center&#8221; module_alignment_last_edited=&#8221;on|tablet&#8221; _i=&#8221;2&#8243; _address=&#8221;1.0.1.2&#8243;][\/et_pb_video][\/et_pb_column][\/et_pb_row][\/et_pb_section][et_pb_section fb_built=&#8221;1&#8243; specialty=&#8221;on&#8221; padding_top_bottom_link_1=&#8221;false&#8221; padding_top_bottom_link_2=&#8221;false&#8221; padding_left_right_link_1=&#8221;false&#8221; padding_left_right_link_2=&#8221;false&#8221; padding_top_1=&#8221;0px&#8221; _builder_version=&#8221;3.29.3&#8243; width=&#8221;50%&#8221; width_last_edited=&#8221;on|tablet&#8221; min_height=&#8221;123px&#8221; custom_margin=&#8221;-80px||||false|false&#8221; custom_padding=&#8221;46px||||false|false&#8221; fb_built=&#8221;1&#8243; _i=&#8221;2&#8243; _address=&#8221;2&#8243;][et_pb_column type=&#8221;1_2&#8243; _builder_version=&#8221;3.25&#8243; custom_padding=&#8221;|||&#8221; _i=&#8221;0&#8243; _address=&#8221;2.0&#8243; custom_padding__hover=&#8221;|||&#8221;][et_pb_image src=&#8221;https:\/\/alfarsl.es\/wp-content\/uploads\/2019\/10\/Objeto-inteligente-vectorial-2.png&#8221; align=&#8221;right&#8221; align_tablet=&#8221;center&#8221; align_last_edited=&#8221;on|desktop&#8221; _builder_version=&#8221;3.29.3&#8243; module_alignment=&#8221;right&#8221; height=&#8221;100px&#8221; height_tablet=&#8221;50px&#8221; height_phone=&#8221;50px&#8221; height_last_edited=&#8221;on|tablet&#8221; custom_margin=&#8221;-32px||||false|false&#8221; custom_margin_tablet=&#8221;0px||||false|false&#8221; custom_margin_last_edited=&#8221;on|tablet&#8221; hover_enabled=&#8221;0&#8243; _i=&#8221;0&#8243; _address=&#8221;2.0.0&#8243; url=&#8221;https:\/\/alfarsl.es\/wp-content\/uploads\/2019\/10\/CONECTORES-CARTER-CIRCULARES-SERIE-B-C-CATALOGO-ESPG9_34.pdf&#8221;][\/et_pb_image][\/et_pb_column][et_pb_column type=&#8221;1_2&#8243; specialty_columns=&#8221;2&#8243; _builder_version=&#8221;3.25&#8243; custom_padding=&#8221;|||&#8221; _i=&#8221;1&#8243; _address=&#8221;2.1&#8243; custom_padding__hover=&#8221;|||&#8221;][et_pb_row_inner _builder_version=&#8221;3.29.3&#8243; min_height=&#8221;75px&#8221; min_height_last_edited=&#8221;on|tablet&#8221; height_last_edited=&#8221;on|tablet&#8221; custom_margin=&#8221;-55px||||false|false&#8221; custom_margin_tablet=&#8221;||||false|false&#8221; custom_margin_last_edited=&#8221;on|tablet&#8221; _i=&#8221;0&#8243; _address=&#8221;2.1.0&#8243;][et_pb_column_inner saved_specialty_column_type=&#8221;1_2&#8243; _builder_version=&#8221;3.29.3&#8243; _i=&#8221;0&#8243; _address=&#8221;2.1.0.0&#8243;][et_pb_text _builder_version=&#8221;3.29.3&#8243; text_font_size=&#8221;13px&#8221; custom_margin=&#8221;||||false|false&#8221; text_orientation_tablet=&#8221;right&#8221; text_orientation_phone=&#8221;left&#8221; text_orientation_last_edited=&#8221;on|tablet&#8221; _i=&#8221;0&#8243; _address=&#8221;2.1.0.0.0&#8243;]<p>DOWNLOAD THE CATALOGUE OF MULIPOLAR CARTER CONNECTORS <\/p>[\/et_pb_text][\/et_pb_column_inner][\/et_pb_row_inner][et_pb_row_inner column_structure=&#8221;1_2,1_2&#8243; use_custom_gutter=&#8221;on&#8221; gutter_width=&#8221;1&#8243; _builder_version=&#8221;3.29.3&#8243; module_alignment=&#8221;left&#8221; custom_margin=&#8221;-30px|||||&#8221; custom_padding=&#8221;||||false|false&#8221; _i=&#8221;1&#8243; _address=&#8221;2.1.1&#8243;][et_pb_column_inner type=&#8221;1_2&#8243; saved_specialty_column_type=&#8221;1_2&#8243; _builder_version=&#8221;3.29.3&#8243; _i=&#8221;0&#8243; _address=&#8221;2.1.1.0&#8243;][et_pb_image src=&#8221;https:\/\/alfarsl.es\/wp-content\/uploads\/2019\/10\/Objeto-inteligente-vectorial-3.png&#8221; align_last_edited=&#8221;on|desktop&#8221; _builder_version=&#8221;3.29.3&#8243; width=&#8221;57%&#8221; height_phone=&#8221;50px&#8221; height_last_edited=&#8221;on|phone&#8221; custom_margin=&#8221;||||false|false&#8221; _i=&#8221;0&#8243; _address=&#8221;2.1.1.0.0&#8243;][\/et_pb_image][\/et_pb_column_inner][et_pb_column_inner type=&#8221;1_2&#8243; saved_specialty_column_type=&#8221;1_2&#8243; _builder_version=&#8221;3.29.3&#8243; _i=&#8221;1&#8243; _address=&#8221;2.1.1.1&#8243;][et_pb_text _builder_version=&#8221;3.29.3&#8243; text_font_size=&#8221;10px&#8221; custom_margin=&#8221;|||-50px|false|false&#8221; custom_margin_last_edited=&#8221;on|phone&#8221; _i=&#8221;0&#8243; _address=&#8221;2.1.1.1.0&#8243;]<p>Our products comply with the legal and technical safety requirements of the European Union. <\/p>[\/et_pb_text][\/et_pb_column_inner][\/et_pb_row_inner][\/et_pb_column][\/et_pb_section]\n\n","protected":false},"excerpt":{"rendered":"<p>CONNECTOR MC CARTER B-CThe connectors of the B-C series are MutiContactos MC type CARTER, of very robust manufacture and great mechanical resistance. These industrial connectors are watertight with protection degree IP-68. They are manufactured in different sizes from 50mm to 300mm.. All sizes are configurable in terms of distribution and contact type. There are also [&hellip;]<\/p>\n","protected":false},"author":4,"featured_media":0,"parent":0,"menu_order":0,"comment_status":"closed","ping_status":"closed","template":"","meta":{"_et_pb_use_builder":"on","_et_pb_old_content":"","_et_gb_content_width":"","inline_featured_image":false,"footnotes":""},"class_list":["post-1866","page","type-page","status-publish","hentry"],"aioseo_notices":[],"_links":{"self":[{"href":"https:\/\/alfarsl.es\/en\/wp-json\/wp\/v2\/pages\/1866","targetHints":{"allow":["GET"]}}],"collection":[{"href":"https:\/\/alfarsl.es\/en\/wp-json\/wp\/v2\/pages"}],"about":[{"href":"https:\/\/alfarsl.es\/en\/wp-json\/wp\/v2\/types\/page"}],"author":[{"embeddable":true,"href":"https:\/\/alfarsl.es\/en\/wp-json\/wp\/v2\/users\/4"}],"replies":[{"embeddable":true,"href":"https:\/\/alfarsl.es\/en\/wp-json\/wp\/v2\/comments?post=1866"}],"version-history":[{"count":2,"href":"https:\/\/alfarsl.es\/en\/wp-json\/wp\/v2\/pages\/1866\/revisions"}],"predecessor-version":[{"id":2412,"href":"https:\/\/alfarsl.es\/en\/wp-json\/wp\/v2\/pages\/1866\/revisions\/2412"}],"wp:attachment":[{"href":"https:\/\/alfarsl.es\/en\/wp-json\/wp\/v2\/media?parent=1866"}],"curies":[{"name":"wp","href":"https:\/\/api.w.org\/{rel}","templated":true}]}}